{"id":17,"date":"2024-12-13T14:38:10","date_gmt":"2024-12-13T13:38:10","guid":{"rendered":"https:\/\/avicennatechnologies.com\/?page_id=17"},"modified":"2025-01-20T08:14:28","modified_gmt":"2025-01-20T07:14:28","slug":"handelspartner","status":"publish","type":"page","link":"https:\/\/avicennatechnologies.com\/en\/handelspartner\/","title":{"rendered":"Partners"},"content":{"rendered":"<div data-elementor-type=\"wp-page\" data-elementor-id=\"17\" class=\"elementor elementor-17\">\n\t\t\t\t<div class=\"elementor-element elementor-element-7398f20 pt--20 e-flex e-con-boxed e-con e-parent\" data-id=\"7398f20\" data-element_type=\"container\" data-e-type=\"container\" data-settings=\"{&quot;background_background&quot;:&quot;classic&quot;}\">\n\t\t\t\t\t<div class=\"e-con-inner\">\n\t\t\t\t<div class=\"elementor-element elementor-element-133ad30 elementor-widget elementor-widget-imroz-section-title\" data-id=\"133ad30\" data-element_type=\"widget\" data-e-type=\"widget\" data-widget_type=\"imroz-section-title.default\">\n\t\t\t\t<div class=\"elementor-widget-container\">\n\t\t\t\t\t        <div class=\"section-title mb--20 mb_sm--0 text-center\">\n                                    <h2 class=\"title rbt-section-title\"><span>Partners<\/span><\/h2>                            <\/div>\n        \t\t\t\t<\/div>\n\t\t\t\t<\/div>\n\t\t\t\t\t<\/div>\n\t\t\t\t<\/div>\n\t\t<div class=\"elementor-element elementor-element-9954c5e bg_color--5 e-flex e-con-boxed e-con e-parent\" data-id=\"9954c5e\" data-element_type=\"container\" data-e-type=\"container\">\n\t\t\t\t\t<div class=\"e-con-inner\">\n\t\t\t\t<div class=\"elementor-element elementor-element-f0b6811 elementor-widget elementor-widget-imroz-main-services\" data-id=\"f0b6811\" data-element_type=\"widget\" data-e-type=\"widget\" data-widget_type=\"imroz-main-services.default\">\n\t\t\t\t<div class=\"elementor-widget-container\">\n\t\t\t\t\t        <!-- Start Service Area  -->\n        <div class=\"rn-service-area rn-section-gap\">\n            <div class=\"container\">\n                                                    <div class=\"row service-main-wrapper mt_dec--30\">\n                                                    <div class=\"service-item mt--30 col-lg-6 col-md-6 col-sm-6 col-12 elementor-repeater-item-68a0a85\">\n                                                                <div class=\"single-service\">\n                                                                            <a href=\"https:\/\/www.atlas4d.de\"  target=\"_blank\"  >\n                                                                            <div class=\"service service__style--2\">\n                                                                                                <div class=\"icon\">\n                                                        <img decoding=\"async\" src=\"https:\/\/avicennatechnologies.com\/wp-content\/uploads\/2024\/12\/Brands-Atlas4D.png\" title=\"Brands-Atlas4D\" alt=\"Brands-Atlas4D\" loading=\"lazy\" \/>                                                    <\/div>\n                                                                                                                                                                                        <div class=\"content\">\n                                                                                                                                                                <p>For ATLAS Medical Technologies GmbH, we are currently focused on business development and restructuring a process-oriented quality management system. Our efforts are aimed at optimizing internal workflows, implementing an efficient quality management system, and identifying and realizing strategic growth opportunities. In doing so, we actively support ATLAS in further establishing itself as a leading provider of navigation systems for CT- and MRI-guided interventions.<\/p>\n                                                                                                    <\/div>\n                                                                                    <\/div>\n                                     <\/a>                                 <\/div>\n                            <\/div>\n                                                    <div class=\"service-item mt--30 col-lg-6 col-md-6 col-sm-6 col-12 elementor-repeater-item-4f49e31\">\n                                                                <div class=\"single-service\">\n                                                                            <a href=\"https:\/\/www.ecomedicaltech.com\/\"  target=\"_blank\"  >\n                                                                            <div class=\"service service__style--2\">\n                                                                                                <div class=\"icon\">\n                                                        <img decoding=\"async\" src=\"https:\/\/avicennatechnologies.com\/wp-content\/uploads\/2025\/01\/Logo_Eco_V.webp\" title=\"Logo_Eco_V\" alt=\"Logo_Eco_V\" loading=\"lazy\" \/>                                                    <\/div>\n                                                                                                                                                                                        <div class=\"content\">\n                                                                                                                                                                <p>Founded in 2000, ECO is a leading manufacturer of medical devices in China. The company specializes in the fields of microwave, high-frequency, and physical therapy. With the vision \"Number 1 in China and first-class in the world,\" ECO aims to make a significant contribution to healthcare through advanced technologies and innovative product solutions. The company is also committed to enabling its employees to realize their self-worth while providing valuable support to medical facilities both domestically and internationally.\n<\/p>\n                                                                                                    <\/div>\n                                                                                    <\/div>\n                                     <\/a>                                 <\/div>\n                            <\/div>\n                                            <\/div>\n                            <\/div>\n        <\/div>\n        <!-- Start Service Area  -->\n        \t\t\t\t<\/div>\n\t\t\t\t<\/div>\n\t\t\t\t\t<\/div>\n\t\t\t\t<\/div>\n\t\t<div class=\"elementor-element elementor-element-eafa6b5 rn-section-gap bg_color--6 e-flex e-con-boxed e-con e-parent\" data-id=\"eafa6b5\" data-element_type=\"container\" data-e-type=\"container\">\n\t\t\t\t\t<div class=\"e-con-inner\">\n\t\t\t\t<div class=\"elementor-element elementor-element-565f85b elementor-widget elementor-widget-imroz-video-popup\" data-id=\"565f85b\" data-element_type=\"widget\" data-e-type=\"widget\" data-widget_type=\"imroz-video-popup.default\">\n\t\t\t\t<div class=\"elementor-widget-container\">\n\t\t\t\t\t            <div class=\"thumbnail position-relative text-center\">\n                <img fetchpriority=\"high\" decoding=\"async\" width=\"960\" height=\"540\" src=\"https:\/\/avicennatechnologies.com\/wp-content\/uploads\/2025\/01\/Atlas_Video_Cover_Toned.webp\" class=\"attachment-full size-full wp-image-790\" alt=\"\" srcset=\"https:\/\/avicennatechnologies.com\/wp-content\/uploads\/2025\/01\/Atlas_Video_Cover_Toned.webp 960w, https:\/\/avicennatechnologies.com\/wp-content\/uploads\/2025\/01\/Atlas_Video_Cover_Toned-300x169.webp 300w, https:\/\/avicennatechnologies.com\/wp-content\/uploads\/2025\/01\/Atlas_Video_Cover_Toned-768x432.webp 768w, https:\/\/avicennatechnologies.com\/wp-content\/uploads\/2025\/01\/Atlas_Video_Cover_Toned-18x10.webp 18w\" sizes=\"(max-width: 960px) 100vw, 960px\" \/>                                    <a class=\"video-popup position-top-center play__btn size-large theme-color\" href=\"https:\/\/avicennatechnologies.com\/wp-content\/uploads\/2025\/01\/Video-Groenemeyer.webm\"><span\n                        class=\"play-icon\"><\/span><\/a>\n\n                            <\/div>\n        \t\t\t\t<\/div>\n\t\t\t\t<\/div>\n\t\t\t\t\t<\/div>\n\t\t\t\t<\/div>\n\t\t\t\t<\/div>","protected":false},"excerpt":{"rendered":"<p>Handelspartner F\u00fcr die ATLAS Medical Technologies GmbH sind wir derzeit schwerpunktm\u00e4\u00dfig im Business Development sowie in der Neustrukturierung eines prozessorientierten Qualit\u00e4tsmanagementsystems t\u00e4tig. Unser Fokus liegt darauf, die internen Abl\u00e4ufe zu optimieren, ein effizientes Qualit\u00e4tsmanagement zu implementieren und strategische Wachstumschancen zu identifizieren und zu realisieren. Dabei unterst\u00fctzen wir ATLAS aktiv dabei, sich als f\u00fchrender Anbieter von Navigationssystemen f\u00fcr CT- und MRT-gesteuerte Interventionen weiter zu etablieren. ECO wurde im Jahr 2000 gegr\u00fcndet und ist ein f\u00fchrender Hersteller von medizinischen Ger\u00e4ten in China. [&hellip;]<\/p>\n","protected":false},"author":1,"featured_media":0,"parent":0,"menu_order":0,"comment_status":"closed","ping_status":"closed","template":"elementor_header_footer","meta":{"_acf_changed":false,"footnotes":""},"class_list":["post-17","page","type-page","status-publish","hentry"],"acf":[],"_links":{"self":[{"href":"https:\/\/avicennatechnologies.com\/en\/wp-json\/wp\/v2\/pages\/17","targetHints":{"allow":["GET"]}}],"collection":[{"href":"https:\/\/avicennatechnologies.com\/en\/wp-json\/wp\/v2\/pages"}],"about":[{"href":"https:\/\/avicennatechnologies.com\/en\/wp-json\/wp\/v2\/types\/page"}],"author":[{"embeddable":true,"href":"https:\/\/avicennatechnologies.com\/en\/wp-json\/wp\/v2\/users\/1"}],"replies":[{"embeddable":true,"href":"https:\/\/avicennatechnologies.com\/en\/wp-json\/wp\/v2\/comments?post=17"}],"version-history":[{"count":183,"href":"https:\/\/avicennatechnologies.com\/en\/wp-json\/wp\/v2\/pages\/17\/revisions"}],"predecessor-version":[{"id":915,"href":"https:\/\/avicennatechnologies.com\/en\/wp-json\/wp\/v2\/pages\/17\/revisions\/915"}],"wp:attachment":[{"href":"https:\/\/avicennatechnologies.com\/en\/wp-json\/wp\/v2\/media?parent=17"}],"curies":[{"name":"wp","href":"https:\/\/api.w.org\/{rel}","templated":true}]}}