{"id":19,"date":"2024-12-13T14:38:51","date_gmt":"2024-12-13T13:38:51","guid":{"rendered":"https:\/\/avicennatechnologies.com\/?page_id=19"},"modified":"2025-01-20T08:26:40","modified_gmt":"2025-01-20T07:26:40","slug":"ueber-uns","status":"publish","type":"page","link":"https:\/\/avicennatechnologies.com\/en\/ueber-uns\/","title":{"rendered":"About us"},"content":{"rendered":"<div data-elementor-type=\"wp-page\" data-elementor-id=\"19\" class=\"elementor elementor-19\">\n\t\t\t\t<div class=\"elementor-element elementor-element-495fa095 e-flex e-con-boxed e-con e-parent\" data-id=\"495fa095\" data-element_type=\"container\" data-e-type=\"container\" data-settings=\"{&quot;background_background&quot;:&quot;classic&quot;}\">\n\t\t\t\t\t<div class=\"e-con-inner\">\n\t\t\t\t<div class=\"elementor-element elementor-element-b0a7aa2 pt--20 elementor-widget elementor-widget-imroz-section-title\" data-id=\"b0a7aa2\" data-element_type=\"widget\" data-e-type=\"widget\" data-widget_type=\"imroz-section-title.default\">\n\t\t\t\t<div class=\"elementor-widget-container\">\n\t\t\t\t\t        <div class=\"section-title mb--20 mb_sm--0 text-center\">\n                                    <h2 class=\"title rbt-section-title\"><span>About us<\/span><\/h2>                            <\/div>\n        \t\t\t\t<\/div>\n\t\t\t\t<\/div>\n\t\t\t\t\t<\/div>\n\t\t\t\t<\/div>\n\t\t<div class=\"elementor-element elementor-element-cb1f723 rn-section-gapTop pb--40 e-flex e-con-boxed e-con e-parent\" data-id=\"cb1f723\" data-element_type=\"container\" data-e-type=\"container\">\n\t\t\t\t\t<div class=\"e-con-inner\">\n\t\t<div class=\"elementor-element elementor-element-7888cba e-con-full  pb--40 e-flex e-con e-child\" data-id=\"7888cba\" data-element_type=\"container\" data-e-type=\"container\">\n\t\t\t\t<div class=\"elementor-element elementor-element-716a1b0 elementor-widget elementor-widget-image\" data-id=\"716a1b0\" data-element_type=\"widget\" data-e-type=\"widget\" data-widget_type=\"image.default\">\n\t\t\t\t<div class=\"elementor-widget-container\">\n\t\t\t\t\t\t\t\t\t\t\t\t\t\t\t<img fetchpriority=\"high\" decoding=\"async\" width=\"640\" height=\"640\" src=\"https:\/\/avicennatechnologies.com\/wp-content\/uploads\/2025\/01\/1M8A1432-900x900-1.jpg\" class=\"attachment-large size-large wp-image-774\" alt=\"\" srcset=\"https:\/\/avicennatechnologies.com\/wp-content\/uploads\/2025\/01\/1M8A1432-900x900-1.jpg 900w, https:\/\/avicennatechnologies.com\/wp-content\/uploads\/2025\/01\/1M8A1432-900x900-1-300x300.jpg 300w, https:\/\/avicennatechnologies.com\/wp-content\/uploads\/2025\/01\/1M8A1432-900x900-1-150x150.jpg 150w, https:\/\/avicennatechnologies.com\/wp-content\/uploads\/2025\/01\/1M8A1432-900x900-1-768x768.jpg 768w, https:\/\/avicennatechnologies.com\/wp-content\/uploads\/2025\/01\/1M8A1432-900x900-1-12x12.jpg 12w\" sizes=\"(max-width: 640px) 100vw, 640px\" \/>\t\t\t\t\t\t\t\t\t\t\t\t\t\t\t<\/div>\n\t\t\t\t<\/div>\n\t\t\t\t<\/div>\n\t\t<div class=\"elementor-element elementor-element-a07d69a e-con-full  pb--40 e-flex e-con e-child\" data-id=\"a07d69a\" data-element_type=\"container\" data-e-type=\"container\">\n\t\t\t\t<div class=\"elementor-element elementor-element-94f8af3 elementor-widget elementor-widget-imroz-section-title\" data-id=\"94f8af3\" data-element_type=\"widget\" data-e-type=\"widget\" data-widget_type=\"imroz-section-title.default\">\n\t\t\t\t<div class=\"elementor-widget-container\">\n\t\t\t\t\t        <div class=\"section-title mb--20 mb_sm--0 text-left\">\n                                    <h2 class=\"title rbt-section-title\"><span>Innovation in the Service of Health<\/span><\/h2>                            <\/div>\n        \t\t\t\t<\/div>\n\t\t\t\t<\/div>\n\t\t\t\t<div class=\"elementor-element elementor-element-4325562 elementor-widget elementor-widget-text-editor\" data-id=\"4325562\" data-element_type=\"widget\" data-e-type=\"widget\" data-widget_type=\"text-editor.default\">\n\t\t\t\t<div class=\"elementor-widget-container\">\n\t\t\t\t\t\t\t\t\tAt Avicenna Technologies, people are at the center. As a trading company based in Berlin, inspired by Avicenna, the legendary physician and scholar known for his revolutionary contributions to medicine, we bring the spirit of innovation to modern medical technology. With over 20 years of experience in the development, production, and distribution of medical technology, we support specialists in effectively achieving their goals and improving patient well-being. Our strength lies in the combination of profound knowledge and innovative thinking.\t\t\t\t\t\t\t\t<\/div>\n\t\t\t\t<\/div>\n\t\t\t\t<div class=\"elementor-element elementor-element-5282349 elementor-widget elementor-widget-text-editor\" data-id=\"5282349\" data-element_type=\"widget\" data-e-type=\"widget\" data-widget_type=\"text-editor.default\">\n\t\t\t\t<div class=\"elementor-widget-container\">\n\t\t\t\t\t\t\t\t\tOur core products, the Saberwave ECO-200G Microwave System and the ATLAS Laser Navigation Robot, set new standards in medical practice. The Saberwave ECO-200G Microwave System provides advanced solutions for treating solid tumors and superficial nodules, supported by innovative technology and user-friendliness. The ATLAS Laser Navigation Robot offers precise navigation for surgical procedures, enhancing safety and efficiency in surgery.\t\t\t\t\t\t\t\t<\/div>\n\t\t\t\t<\/div>\n\t\t\t\t<div class=\"elementor-element elementor-element-1a3e728 elementor-widget elementor-widget-text-editor\" data-id=\"1a3e728\" data-element_type=\"widget\" data-e-type=\"widget\" data-widget_type=\"text-editor.default\">\n\t\t\t\t<div class=\"elementor-widget-container\">\n\t\t\t\t\t\t\t\t\tWe believe that transparency, purposefulness, and continuous innovation are the keys to revolutionizing medical practice and improving healthcare for all. Inspired by the long history of medicine and medical technology, we rely on modern technologies to create a better future.\t\t\t\t\t\t\t\t<\/div>\n\t\t\t\t<\/div>\n\t\t\t\t<div class=\"elementor-element elementor-element-33b1c0c pt--15 elementor-widget elementor-widget-imroz-button\" data-id=\"33b1c0c\" data-element_type=\"widget\" data-e-type=\"widget\" data-widget_type=\"imroz-button.default\">\n\t\t\t\t<div class=\"elementor-widget-container\">\n\t\t\t\t\t                    <div class=\"\">\n                <a href=\"https:\/\/avicennatechnologies.com\/en\/produkte\/\" target=\"_self\" rel=\"nofollow\" class=\"rbt-button  rn-button-style--2 btn_solid btn-large btn-theme\"><span class=\"button-text\">Products<\/span><\/a>            <\/div>\n                \t\t\t\t<\/div>\n\t\t\t\t<\/div>\n\t\t\t\t<\/div>\n\t\t\t\t\t<\/div>\n\t\t\t\t<\/div>\n\t\t\t\t<\/div>","protected":false},"excerpt":{"rendered":"<p>\u00dcber Uns Innovation im Dienst der Gesundheit Bei Avicenna Technologies steht der Mensch im Mittelpunkt. Als Handelsunternehmen mit Sitz in Berlin, inspiriert von Avicenna, dem legend\u00e4ren Arzt und Gelehrten, der f\u00fcr seine revolution\u00e4ren Beitr\u00e4ge zur Medizin bekannt ist, bringen wir den Geist der Innovation in moderne Medizintechnik. Mit \u00fcber 20 Jahren Erfahrung in der Entwicklung, Produktion und dem Vertrieb von Medizintechnik unterst\u00fctzen wir Spezialisten dabei, ihre Ziele effektiv zu erreichen und das Wohl der Patienten zu verbessern. Unsere St\u00e4rke liegt [&hellip;]<\/p>\n","protected":false},"author":1,"featured_media":0,"parent":0,"menu_order":0,"comment_status":"closed","ping_status":"closed","template":"elementor_header_footer","meta":{"_acf_changed":false,"footnotes":""},"class_list":["post-19","page","type-page","status-publish","hentry"],"acf":[],"_links":{"self":[{"href":"https:\/\/avicennatechnologies.com\/en\/wp-json\/wp\/v2\/pages\/19","targetHints":{"allow":["GET"]}}],"collection":[{"href":"https:\/\/avicennatechnologies.com\/en\/wp-json\/wp\/v2\/pages"}],"about":[{"href":"https:\/\/avicennatechnologies.com\/en\/wp-json\/wp\/v2\/types\/page"}],"author":[{"embeddable":true,"href":"https:\/\/avicennatechnologies.com\/en\/wp-json\/wp\/v2\/users\/1"}],"replies":[{"embeddable":true,"href":"https:\/\/avicennatechnologies.com\/en\/wp-json\/wp\/v2\/comments?post=19"}],"version-history":[{"count":120,"href":"https:\/\/avicennatechnologies.com\/en\/wp-json\/wp\/v2\/pages\/19\/revisions"}],"predecessor-version":[{"id":945,"href":"https:\/\/avicennatechnologies.com\/en\/wp-json\/wp\/v2\/pages\/19\/revisions\/945"}],"wp:attachment":[{"href":"https:\/\/avicennatechnologies.com\/en\/wp-json\/wp\/v2\/media?parent=19"}],"curies":[{"name":"wp","href":"https:\/\/api.w.org\/{rel}","templated":true}]}}