{"id":2,"date":"2024-12-13T12:33:10","date_gmt":"2024-12-13T11:33:10","guid":{"rendered":"https:\/\/avicennatechnologies.com\/?page_id=2"},"modified":"2025-01-20T08:26:08","modified_gmt":"2025-01-20T07:26:08","slug":"startseite","status":"publish","type":"page","link":"https:\/\/avicennatechnologies.com\/en\/","title":{"rendered":"Startseite"},"content":{"rendered":"<div data-elementor-type=\"wp-page\" data-elementor-id=\"2\" class=\"elementor elementor-2\">\n\t\t\t\t<div class=\"elementor-element elementor-element-6b21b28d e-con-full e-flex e-con e-parent\" data-id=\"6b21b28d\" data-element_type=\"container\" data-e-type=\"container\" data-settings=\"{&quot;background_background&quot;:&quot;video&quot;,&quot;background_video_link&quot;:&quot;https:\\\/\\\/avicennatechnologies.com\\\/wp-content\\\/uploads\\\/2025\\\/01\\\/Video.webm&quot;}\">\n\t\t<div class=\"elementor-background-video-container elementor-hidden-mobile\">\n\t\t\t\t\t\t\t<video class=\"elementor-background-video-hosted\" role=\"presentation\" autoplay muted playsinline loop><\/video>\n\t\t\t\t\t<\/div>\t\t<\/div>\n\t\t<div class=\"elementor-element elementor-element-8f30d3f rn-section-gapTop pb--40 bg_color--5 e-flex e-con-boxed e-con e-parent\" data-id=\"8f30d3f\" data-element_type=\"container\" data-e-type=\"container\">\n\t\t\t\t\t<div class=\"e-con-inner\">\n\t\t<div class=\"elementor-element elementor-element-81a3d39 e-con-full pb--40 e-flex e-con e-child\" data-id=\"81a3d39\" data-element_type=\"container\" data-e-type=\"container\">\n\t\t\t\t<div class=\"elementor-element elementor-element-4fb1002 elementor-widget elementor-widget-imroz-section-title\" data-id=\"4fb1002\" data-element_type=\"widget\" data-e-type=\"widget\" data-widget_type=\"imroz-section-title.default\">\n\t\t\t\t<div class=\"elementor-widget-container\">\n\t\t\t\t\t        <div class=\"section-title mb--20 mb_sm--0 text-left\">\n                                    <h2 class=\"title rbt-section-title\"><span>Innovation and Progress<\/span><\/h2>                            <\/div>\n        \t\t\t\t<\/div>\n\t\t\t\t<\/div>\n\t\t\t\t<div class=\"elementor-element elementor-element-f025c7a elementor-widget elementor-widget-text-editor\" data-id=\"f025c7a\" data-element_type=\"widget\" data-e-type=\"widget\" data-widget_type=\"text-editor.default\">\n\t\t\t\t<div class=\"elementor-widget-container\">\n\t\t\t\t\t\t\t\t\tAvicenna Technologies is a trading company based in Berlin with the mission of delivering groundbreaking solutions in medical technology. Named after the physician and scholar Avicenna, known for his revolutionary contributions to medicine, we embody innovation and progress.\n\t\t\t\t\t\t\t\t<\/div>\n\t\t\t\t<\/div>\n\t\t\t\t<div class=\"elementor-element elementor-element-5718441 elementor-widget elementor-widget-text-editor\" data-id=\"5718441\" data-element_type=\"widget\" data-e-type=\"widget\" data-widget_type=\"text-editor.default\">\n\t\t\t\t<div class=\"elementor-widget-container\">\n\t\t\t\t\t\t\t\t\t<p>We continue this spirit of innovation by offering modern medical devices and systems that improve patient care and enhance the efficiency of medical practice.<\/p>\t\t\t\t\t\t\t\t<\/div>\n\t\t\t\t<\/div>\n\t\t\t\t<\/div>\n\t\t\t\t\t<\/div>\n\t\t\t\t<\/div>\n\t\t<div class=\"elementor-element elementor-element-8733688 e-flex e-con-boxed e-con e-parent\" data-id=\"8733688\" data-element_type=\"container\" data-e-type=\"container\">\n\t\t\t\t\t<div class=\"e-con-inner\">\n\t\t\t\t<div class=\"elementor-element elementor-element-97df64f elementor-widget elementor-widget-imroz-brand\" data-id=\"97df64f\" data-element_type=\"widget\" data-e-type=\"widget\" data-widget_type=\"imroz-brand.default\">\n\t\t\t\t<div class=\"elementor-widget-container\">\n\t\t\t\t\t\n        <!-- Start Brand Area -->\n        <div class=\"rn-brand-area ptb--120 bg_color--1\">\n            <div class=\"container\">\n                                    <div class=\"row\">\n                        <div class=\"col-lg-12 col-md-12 col-sm-12 col-12\">\n                            <div class=\"section-title mb--30 text-center\">\n                                                        <h2 class=\"title rbt-section-title\"><span>Avicenna Ecosystem<\/span><\/h2>                                                <\/div>\n                        <\/div>\n                    <\/div>\n                                <div class=\"row\">\n                    <div class=\"col-lg-12\">\n\n                                            \n                            <ul class=\"brand-style-2\">\n                                                                    <li>\n                                         <a href=\"https:\/\/www.stoecklimedical.ch\" >                                                                                             <img decoding=\"async\" width=\"274\" height=\"180\" src=\"https:\/\/avicennatechnologies.com\/wp-content\/uploads\/2024\/12\/Brands-StoeckliMedical.png\" class=\"attachment-full size-full\" alt=\"\" srcset=\"https:\/\/avicennatechnologies.com\/wp-content\/uploads\/2024\/12\/Brands-StoeckliMedical.png 274w, https:\/\/avicennatechnologies.com\/wp-content\/uploads\/2024\/12\/Brands-StoeckliMedical-18x12.png 18w\" sizes=\"(max-width: 274px) 100vw, 274px\" \/>                                                                                     <\/a>                                     <\/li>\n                                                                    <li>\n                                         <a href=\"#\" >                                                                                             <img decoding=\"async\" width=\"274\" height=\"180\" src=\"https:\/\/avicennatechnologies.com\/wp-content\/uploads\/2024\/12\/Brands-PrecisionRobotics.png\" class=\"attachment-full size-full\" alt=\"\" srcset=\"https:\/\/avicennatechnologies.com\/wp-content\/uploads\/2024\/12\/Brands-PrecisionRobotics.png 274w, https:\/\/avicennatechnologies.com\/wp-content\/uploads\/2024\/12\/Brands-PrecisionRobotics-18x12.png 18w\" sizes=\"(max-width: 274px) 100vw, 274px\" \/>                                                                                     <\/a>                                     <\/li>\n                                                                    <li>\n                                         <a href=\"https:\/\/lmtsurgical.com\" >                                                                                             <img decoding=\"async\" width=\"274\" height=\"180\" src=\"https:\/\/avicennatechnologies.com\/wp-content\/uploads\/2024\/12\/Brands-LMT.png\" class=\"attachment-full size-full\" alt=\"\" srcset=\"https:\/\/avicennatechnologies.com\/wp-content\/uploads\/2024\/12\/Brands-LMT.png 274w, https:\/\/avicennatechnologies.com\/wp-content\/uploads\/2024\/12\/Brands-LMT-18x12.png 18w\" sizes=\"(max-width: 274px) 100vw, 274px\" \/>                                                                                     <\/a>                                     <\/li>\n                                                                    <li>\n                                         <a href=\"https:\/\/www.easmed.com\" >                                                                                             <img loading=\"lazy\" decoding=\"async\" width=\"274\" height=\"180\" src=\"https:\/\/avicennatechnologies.com\/wp-content\/uploads\/2024\/12\/Brands-Easmed.png\" class=\"attachment-full size-full\" alt=\"\" srcset=\"https:\/\/avicennatechnologies.com\/wp-content\/uploads\/2024\/12\/Brands-Easmed.png 274w, https:\/\/avicennatechnologies.com\/wp-content\/uploads\/2024\/12\/Brands-Easmed-18x12.png 18w\" sizes=\"(max-width: 274px) 100vw, 274px\" \/>                                                                                     <\/a>                                     <\/li>\n                                                                    <li>\n                                         <a href=\"https:\/\/www.nos-brasil.com.br\/\" >                                                                                             <img loading=\"lazy\" decoding=\"async\" width=\"274\" height=\"180\" src=\"https:\/\/avicennatechnologies.com\/wp-content\/uploads\/2024\/12\/Brands-NeuroOrthopaedicsSurgeries.png\" class=\"attachment-full size-full\" alt=\"\" srcset=\"https:\/\/avicennatechnologies.com\/wp-content\/uploads\/2024\/12\/Brands-NeuroOrthopaedicsSurgeries.png 274w, https:\/\/avicennatechnologies.com\/wp-content\/uploads\/2024\/12\/Brands-NeuroOrthopaedicsSurgeries-18x12.png 18w\" sizes=\"(max-width: 274px) 100vw, 274px\" \/>                                                                                     <\/a>                                     <\/li>\n                                                                    <li>\n                                         <a href=\"https:\/\/www.selammedikal.com.tr\/\"  target=\"&quot;_blank&quot;\">                                                                                             <img loading=\"lazy\" decoding=\"async\" width=\"274\" height=\"180\" src=\"https:\/\/avicennatechnologies.com\/wp-content\/uploads\/2024\/12\/Brands-SalemMedikal.png\" class=\"attachment-full size-full\" alt=\"\" srcset=\"https:\/\/avicennatechnologies.com\/wp-content\/uploads\/2024\/12\/Brands-SalemMedikal.png 274w, https:\/\/avicennatechnologies.com\/wp-content\/uploads\/2024\/12\/Brands-SalemMedikal-18x12.png 18w\" sizes=\"(max-width: 274px) 100vw, 274px\" \/>                                                                                     <\/a>                                     <\/li>\n                                                                    <li>\n                                         <a href=\"https:\/\/varlix.com.mx\"  target=\"&quot;_blank&quot;\">                                                                                             <img loading=\"lazy\" decoding=\"async\" width=\"274\" height=\"180\" src=\"https:\/\/avicennatechnologies.com\/wp-content\/uploads\/2024\/12\/Brands-Varlix.png\" class=\"attachment-full size-full\" alt=\"\" srcset=\"https:\/\/avicennatechnologies.com\/wp-content\/uploads\/2024\/12\/Brands-Varlix.png 274w, https:\/\/avicennatechnologies.com\/wp-content\/uploads\/2024\/12\/Brands-Varlix-18x12.png 18w\" sizes=\"(max-width: 274px) 100vw, 274px\" \/>                                                                                     <\/a>                                     <\/li>\n                                                            <\/ul>\n\n                            \n                                            <\/div>\n                <\/div>\n            <\/div>\n        <\/div>\n        <!-- End Brand Area -->\n\n        \t\t\t\t<\/div>\n\t\t\t\t<\/div>\n\t\t\t\t\t<\/div>\n\t\t\t\t<\/div>\n\t\t\t\t<\/div>","protected":false},"excerpt":{"rendered":"<p>Innovation und Fortschritt Avicenna Technologies ist ein Handelsunternehmen mit Sitz in Berlin mit der Mission, bahnbrechende L\u00f6sungen in der Medizintechnik zu liefern. Benannt nach dem Arzt und Gelehrten Avicenna, der f\u00fcr seine revolution\u00e4ren Beitr\u00e4ge zur Medizin bekannt ist, verk\u00f6rpern wir Innovation und Fortschritt. Wir setzen diesen Innovationsgeist fort und bieten moderne medizinische Ger\u00e4te und Systeme an, die die Patientenversorgung verbessern und die Effizienz der medizinischen Praxis steigern. Avicenna \u00d6kosystem<\/p>","protected":false},"author":1,"featured_media":0,"parent":0,"menu_order":0,"comment_status":"closed","ping_status":"closed","template":"elementor_header_footer","meta":{"_acf_changed":false,"footnotes":""},"class_list":["post-2","page","type-page","status-publish","hentry"],"acf":[],"_links":{"self":[{"href":"https:\/\/avicennatechnologies.com\/en\/wp-json\/wp\/v2\/pages\/2","targetHints":{"allow":["GET"]}}],"collection":[{"href":"https:\/\/avicennatechnologies.com\/en\/wp-json\/wp\/v2\/pages"}],"about":[{"href":"https:\/\/avicennatechnologies.com\/en\/wp-json\/wp\/v2\/types\/page"}],"author":[{"embeddable":true,"href":"https:\/\/avicennatechnologies.com\/en\/wp-json\/wp\/v2\/users\/1"}],"replies":[{"embeddable":true,"href":"https:\/\/avicennatechnologies.com\/en\/wp-json\/wp\/v2\/comments?post=2"}],"version-history":[{"count":196,"href":"https:\/\/avicennatechnologies.com\/en\/wp-json\/wp\/v2\/pages\/2\/revisions"}],"predecessor-version":[{"id":942,"href":"https:\/\/avicennatechnologies.com\/en\/wp-json\/wp\/v2\/pages\/2\/revisions\/942"}],"wp:attachment":[{"href":"https:\/\/avicennatechnologies.com\/en\/wp-json\/wp\/v2\/media?parent=2"}],"curies":[{"name":"wp","href":"https:\/\/api.w.org\/{rel}","templated":true}]}}