{"id":21,"date":"2024-12-13T14:39:22","date_gmt":"2024-12-13T13:39:22","guid":{"rendered":"https:\/\/avicennatechnologies.com\/?page_id=21"},"modified":"2025-01-20T08:14:44","modified_gmt":"2025-01-20T07:14:44","slug":"produkte","status":"publish","type":"page","link":"https:\/\/avicennatechnologies.com\/en\/produkte\/","title":{"rendered":"Products"},"content":{"rendered":"<div data-elementor-type=\"wp-page\" data-elementor-id=\"21\" class=\"elementor elementor-21\">\n\t\t\t\t<div class=\"elementor-element elementor-element-4c18e1d3 pt--20 e-flex e-con-boxed e-con e-parent\" data-id=\"4c18e1d3\" data-element_type=\"container\" data-e-type=\"container\" data-settings=\"{&quot;background_background&quot;:&quot;classic&quot;}\">\n\t\t\t\t\t<div class=\"e-con-inner\">\n\t\t\t\t<div class=\"elementor-element elementor-element-04a61e4 elementor-widget elementor-widget-imroz-section-title\" data-id=\"04a61e4\" data-element_type=\"widget\" data-e-type=\"widget\" data-widget_type=\"imroz-section-title.default\">\n\t\t\t\t<div class=\"elementor-widget-container\">\n\t\t\t\t\t        <div class=\"section-title mb--20 mb_sm--0 text-center\">\n                                    <h2 class=\"title rbt-section-title\"><span>Products<\/span><\/h2>                            <\/div>\n        \t\t\t\t<\/div>\n\t\t\t\t<\/div>\n\t\t\t\t\t<\/div>\n\t\t\t\t<\/div>\n\t\t<div class=\"elementor-element elementor-element-c5a0f27 rn-section-gapTop pb--40 e-flex e-con-boxed e-con e-parent\" data-id=\"c5a0f27\" data-element_type=\"container\" data-e-type=\"container\">\n\t\t\t\t\t<div class=\"e-con-inner\">\n\t\t<div class=\"elementor-element elementor-element-a6800e0 e-con-full pb--40 e-flex e-con e-child\" data-id=\"a6800e0\" data-element_type=\"container\" data-e-type=\"container\">\n\t\t\t\t<div class=\"elementor-element elementor-element-475a0b8 elementor-widget elementor-widget-image\" data-id=\"475a0b8\" data-element_type=\"widget\" data-e-type=\"widget\" data-widget_type=\"image.default\">\n\t\t\t\t<div class=\"elementor-widget-container\">\n\t\t\t\t\t\t\t\t\t\t\t\t\t\t\t<img fetchpriority=\"high\" decoding=\"async\" width=\"640\" height=\"534\" src=\"https:\/\/avicennatechnologies.com\/wp-content\/uploads\/2025\/01\/Eco-Bild-Produkte.png\" class=\"attachment-large size-large wp-image-804\" alt=\"\" srcset=\"https:\/\/avicennatechnologies.com\/wp-content\/uploads\/2025\/01\/Eco-Bild-Produkte.png 934w, https:\/\/avicennatechnologies.com\/wp-content\/uploads\/2025\/01\/Eco-Bild-Produkte-300x251.png 300w, https:\/\/avicennatechnologies.com\/wp-content\/uploads\/2025\/01\/Eco-Bild-Produkte-768x641.png 768w, https:\/\/avicennatechnologies.com\/wp-content\/uploads\/2025\/01\/Eco-Bild-Produkte-14x12.png 14w\" sizes=\"(max-width: 640px) 100vw, 640px\" \/>\t\t\t\t\t\t\t\t\t\t\t\t\t\t\t<\/div>\n\t\t\t\t<\/div>\n\t\t\t\t<\/div>\n\t\t<div class=\"elementor-element elementor-element-e90fb78 e-con-full pb--40 e-flex e-con e-child\" data-id=\"e90fb78\" data-element_type=\"container\" data-e-type=\"container\">\n\t\t\t\t<div class=\"elementor-element elementor-element-1468eba elementor-widget elementor-widget-imroz-section-title\" data-id=\"1468eba\" data-element_type=\"widget\" data-e-type=\"widget\" data-widget_type=\"imroz-section-title.default\">\n\t\t\t\t<div class=\"elementor-widget-container\">\n\t\t\t\t\t        <div class=\"section-title mb--20 mb_sm--0 text-left\">\n                                    <h2 class=\"title rbt-section-title\"><span>Microwave ablation system<br>ECO - Saberwave<\/span><\/h2>                            <\/div>\n        \t\t\t\t<\/div>\n\t\t\t\t<\/div>\n\t\t\t\t<div class=\"elementor-element elementor-element-ba0abec elementor-widget elementor-widget-text-editor\" data-id=\"ba0abec\" data-element_type=\"widget\" data-e-type=\"widget\" data-widget_type=\"text-editor.default\">\n\t\t\t\t<div class=\"elementor-widget-container\">\n\t\t\t\t\t\t\t\t\t<p>The Microwave Ablation System from ECO represents the latest advancements in microwave technology for therapeutic applications. These systems are renowned for their efficiency and reliability, offering revolutionary treatment options for various medical conditions. With these systems, physicians can perform targeted and effective treatments that support the healing process.<\/p>\t\t\t\t\t\t\t\t<\/div>\n\t\t\t\t<\/div>\n\t\t\t\t<div class=\"elementor-element elementor-element-992b83b elementor-widget elementor-widget-heading\" data-id=\"992b83b\" data-element_type=\"widget\" data-e-type=\"widget\" data-widget_type=\"heading.default\">\n\t\t\t\t<div class=\"elementor-widget-container\">\n\t\t\t\t\t<h3 class=\"elementor-heading-title elementor-size-default\">Saberwave ECO-200G<\/h3>\t\t\t\t<\/div>\n\t\t\t\t<\/div>\n\t\t\t\t<div class=\"elementor-element elementor-element-3a50480 elementor-widget elementor-widget-text-editor\" data-id=\"3a50480\" data-element_type=\"widget\" data-e-type=\"widget\" data-widget_type=\"text-editor.default\">\n\t\t\t\t<div class=\"elementor-widget-container\">\n\t\t\t\t\t\t\t\t\t<p>The Saberwave ECO-200G is an advanced microwave generator specifically designed for the treatment of solid tumors and superficial nodules. Equipped with an integrated water cooling system and a user-friendly touchscreen, it provides a safe and effective solution for minimally invasive therapies. Features include:<\/p><ul><li><strong>2.45 GHz frequency for optimal efficiency<\/strong><\/li><li><strong>Multiple modes, including pulse mode for thyroid treatment<\/strong><\/li><li><strong>Self-check, temperature monitoring, and over-temperature alarm for maximum safety<\/strong><\/li><li><strong>Wide range of microwave antennas for various applications, including thyroid, liver, lung, and more<\/strong><\/li><li><strong>Efficient and targeted tumor removal<\/strong><\/li><li><strong>Quick and straightforward application<\/strong><\/li><li><strong>Minimal patient burden and short recovery times<\/strong><\/li><\/ul>\t\t\t\t\t\t\t\t<\/div>\n\t\t\t\t<\/div>\n\t\t\t\t<\/div>\n\t\t\t\t\t<\/div>\n\t\t\t\t<\/div>\n\t\t<div class=\"elementor-element elementor-element-5002218 pb--40 e-flex e-con-boxed e-con e-parent\" data-id=\"5002218\" data-element_type=\"container\" data-e-type=\"container\">\n\t\t\t\t\t<div class=\"e-con-inner\">\n\t\t<div class=\"elementor-element elementor-element-22ac42a e-con-full pb--40 e-flex e-con e-child\" data-id=\"22ac42a\" data-element_type=\"container\" data-e-type=\"container\">\n\t\t\t\t<div class=\"elementor-element elementor-element-df1fd44 elementor-widget elementor-widget-image\" data-id=\"df1fd44\" data-element_type=\"widget\" data-e-type=\"widget\" data-widget_type=\"image.default\">\n\t\t\t\t<div class=\"elementor-widget-container\">\n\t\t\t\t\t\t\t\t\t\t\t\t\t\t\t<img decoding=\"async\" width=\"640\" height=\"553\" src=\"https:\/\/avicennatechnologies.com\/wp-content\/uploads\/2025\/01\/ATLAS-Produkte-Bild.png\" class=\"attachment-large size-large wp-image-805\" alt=\"\" srcset=\"https:\/\/avicennatechnologies.com\/wp-content\/uploads\/2025\/01\/ATLAS-Produkte-Bild.png 680w, https:\/\/avicennatechnologies.com\/wp-content\/uploads\/2025\/01\/ATLAS-Produkte-Bild-300x259.png 300w, https:\/\/avicennatechnologies.com\/wp-content\/uploads\/2025\/01\/ATLAS-Produkte-Bild-14x12.png 14w\" sizes=\"(max-width: 640px) 100vw, 640px\" \/>\t\t\t\t\t\t\t\t\t\t\t\t\t\t\t<\/div>\n\t\t\t\t<\/div>\n\t\t\t\t<\/div>\n\t\t<div class=\"elementor-element elementor-element-135ca76 e-con-full pb--40 e-flex e-con e-child\" data-id=\"135ca76\" data-element_type=\"container\" data-e-type=\"container\">\n\t\t\t\t<div class=\"elementor-element elementor-element-2db41e4 elementor-widget elementor-widget-imroz-section-title\" data-id=\"2db41e4\" data-element_type=\"widget\" data-e-type=\"widget\" data-widget_type=\"imroz-section-title.default\">\n\t\t\t\t<div class=\"elementor-widget-container\">\n\t\t\t\t\t        <div class=\"section-title mb--20 mb_sm--0 text-left\">\n                                    <h2 class=\"title rbt-section-title\"><span>ATLAS 4D-Laser-Navigation-Roboter<\/span><\/h2>                            <\/div>\n        \t\t\t\t<\/div>\n\t\t\t\t<\/div>\n\t\t\t\t<div class=\"elementor-element elementor-element-0ad4401 elementor-widget elementor-widget-text-editor\" data-id=\"0ad4401\" data-element_type=\"widget\" data-e-type=\"widget\" data-widget_type=\"text-editor.default\">\n\t\t\t\t<div class=\"elementor-widget-container\">\n\t\t\t\t\t\t\t\t\tThe ATLAS 4D Laser Navigation Robot sets new standards in medical robotics. It offers precise navigation and innovative solutions for surgical procedures. This state-of-the-art robot is designed to enhance accuracy and safety in surgery while reducing patient recovery time.\n\nThe ATLAS 4D Navigation System is specifically designed for use in interventional radiology and orthopedic applications. It offers doctors:\n<ul>\n \t<li><strong>Precise real-time navigation for minimally invasive procedures<\/strong><\/li>\n \t<li><strong>Assistance in the placement of instruments and implants<\/strong><\/li>\n \t<li><strong>Enhanced visualization and accuracy through 4D imaging<\/strong><\/li>\n \t<li><strong>Increased efficiency and safety during procedures<\/strong><\/li>\n<\/ul>\t\t\t\t\t\t\t\t<\/div>\n\t\t\t\t<\/div>\n\t\t\t\t<\/div>\n\t\t\t\t\t<\/div>\n\t\t\t\t<\/div>\n\t\t\t\t<\/div>","protected":false},"excerpt":{"rendered":"<p>Produkte Microwave ablation systemECO &#8211; Saberwave Das Mikrowellen Ablationssystem von ECO repr\u00e4sentieren den neuesten Stand der Mikrowellentechnologie zur therapeutischen Anwendung. Diese Systeme sind f\u00fcr ihre Effizienz und Zuverl\u00e4ssigkeit bekannt und bieten revolution\u00e4re Behandlungsm\u00f6glichkeiten f\u00fcr verschiedene medizinische Zust\u00e4nde. Mit diesen Systemen k\u00f6nnen \u00c4rzte gezielte und effektive Behandlungen durchf\u00fchren, die den Heilungsprozess unterst\u00fctzen. Saberwave ECO-200G Der Saberwave ECO-200G ist ein fortschrittlicher Mikrowellengenerator, der speziell f\u00fcr die Behandlung von soliden Tumoren und oberfl\u00e4chlichen Knoten entwickelt wurde. Ausgestattet mit einem integrierten Wasserk\u00fchlsystem und einem [&hellip;]<\/p>\n","protected":false},"author":1,"featured_media":0,"parent":0,"menu_order":0,"comment_status":"closed","ping_status":"closed","template":"elementor_header_footer","meta":{"_acf_changed":false,"footnotes":""},"class_list":["post-21","page","type-page","status-publish","hentry"],"acf":[],"_links":{"self":[{"href":"https:\/\/avicennatechnologies.com\/en\/wp-json\/wp\/v2\/pages\/21","targetHints":{"allow":["GET"]}}],"collection":[{"href":"https:\/\/avicennatechnologies.com\/en\/wp-json\/wp\/v2\/pages"}],"about":[{"href":"https:\/\/avicennatechnologies.com\/en\/wp-json\/wp\/v2\/types\/page"}],"author":[{"embeddable":true,"href":"https:\/\/avicennatechnologies.com\/en\/wp-json\/wp\/v2\/users\/1"}],"replies":[{"embeddable":true,"href":"https:\/\/avicennatechnologies.com\/en\/wp-json\/wp\/v2\/comments?post=21"}],"version-history":[{"count":132,"href":"https:\/\/avicennatechnologies.com\/en\/wp-json\/wp\/v2\/pages\/21\/revisions"}],"predecessor-version":[{"id":918,"href":"https:\/\/avicennatechnologies.com\/en\/wp-json\/wp\/v2\/pages\/21\/revisions\/918"}],"wp:attachment":[{"href":"https:\/\/avicennatechnologies.com\/en\/wp-json\/wp\/v2\/media?parent=21"}],"curies":[{"name":"wp","href":"https:\/\/api.w.org\/{rel}","templated":true}]}}