{"id":7,"date":"2024-12-13T12:52:12","date_gmt":"2024-12-13T11:52:12","guid":{"rendered":"https:\/\/avicennatechnologies.com\/?page_id=7"},"modified":"2025-01-20T08:13:28","modified_gmt":"2025-01-20T07:13:28","slug":"impressum","status":"publish","type":"page","link":"https:\/\/avicennatechnologies.com\/en\/impressum\/","title":{"rendered":"Legal Notice"},"content":{"rendered":"<div data-elementor-type=\"wp-post\" data-elementor-id=\"7\" class=\"elementor elementor-7\">\n\t\t\t\t<div class=\"elementor-element elementor-element-6b45bee5 pt--20 e-flex e-con-boxed e-con e-parent\" data-id=\"6b45bee5\" data-element_type=\"container\" data-e-type=\"container\" data-settings=\"{&quot;background_background&quot;:&quot;classic&quot;}\">\n\t\t\t\t\t<div class=\"e-con-inner\">\n\t\t\t\t<div class=\"elementor-element elementor-element-4336694 elementor-widget elementor-widget-imroz-section-title\" data-id=\"4336694\" data-element_type=\"widget\" data-e-type=\"widget\" data-widget_type=\"imroz-section-title.default\">\n\t\t\t\t<div class=\"elementor-widget-container\">\n\t\t\t\t\t        <div class=\"section-title mb--20 mb_sm--0 text-center\">\n                                    <h2 class=\"title rbt-section-title\"><span>Legal Notice<\/span><\/h2>                            <\/div>\n        \t\t\t\t<\/div>\n\t\t\t\t<\/div>\n\t\t\t\t\t<\/div>\n\t\t\t\t<\/div>\n\t\t<div class=\"elementor-element elementor-element-e60bdd4 pt--80 pb--40 e-flex e-con-boxed e-con e-parent\" data-id=\"e60bdd4\" data-element_type=\"container\" data-e-type=\"container\">\n\t\t\t\t\t<div class=\"e-con-inner\">\n\t\t\t\t<div class=\"elementor-element elementor-element-dbeebfe h-impress elementor-widget elementor-widget-imroz-section-title\" data-id=\"dbeebfe\" data-element_type=\"widget\" data-e-type=\"widget\" data-widget_type=\"imroz-section-title.default\">\n\t\t\t\t<div class=\"elementor-widget-container\">\n\t\t\t\t\t        <div class=\"section-title mb--20 mb_sm--0 text-left\">\n                                    <h2 class=\"title rbt-section-title\"><span>Information pursuant to \u00a7 5 TMG<\/span><\/h2>                            <\/div>\n        \t\t\t\t<\/div>\n\t\t\t\t<\/div>\n\t\t\t\t<div class=\"elementor-element elementor-element-460b76d elementor-widget elementor-widget-text-editor\" data-id=\"460b76d\" data-element_type=\"widget\" data-e-type=\"widget\" data-widget_type=\"text-editor.default\">\n\t\t\t\t<div class=\"elementor-widget-container\">\n\t\t\t\t\t\t\t\t\t<p><strong>Avicenna Technologies GmbH<\/strong><br \/>Knaackstra\u00dfe 5<br \/>10405 Berlin<\/p><p>Registered office: Berlin, Germany<\/p>\t\t\t\t\t\t\t\t<\/div>\n\t\t\t\t<\/div>\n\t\t\t\t\t<\/div>\n\t\t\t\t<\/div>\n\t\t<div class=\"elementor-element elementor-element-6e56ab2 pb--40 e-flex e-con-boxed e-con e-parent\" data-id=\"6e56ab2\" data-element_type=\"container\" data-e-type=\"container\">\n\t\t\t\t\t<div class=\"e-con-inner\">\n\t\t\t\t<div class=\"elementor-element elementor-element-88ceff2 h-impress elementor-widget elementor-widget-imroz-section-title\" data-id=\"88ceff2\" data-element_type=\"widget\" data-e-type=\"widget\" data-widget_type=\"imroz-section-title.default\">\n\t\t\t\t<div class=\"elementor-widget-container\">\n\t\t\t\t\t        <div class=\"section-title mb--20 mb_sm--0 text-left\">\n                                    <h2 class=\"title rbt-section-title\"><span>Represented by:<\/span><\/h2>                            <\/div>\n        \t\t\t\t<\/div>\n\t\t\t\t<\/div>\n\t\t\t\t<div class=\"elementor-element elementor-element-9c84495 pb--40 elementor-widget elementor-widget-text-editor\" data-id=\"9c84495\" data-element_type=\"widget\" data-e-type=\"widget\" data-widget_type=\"text-editor.default\">\n\t\t\t\t<div class=\"elementor-widget-container\">\n\t\t\t\t\t\t\t\t\t<p>Tayfun \u015een<br \/><a href=\"mailto:info@avicennatechnologies.com\">info@avicennatechnologies.com<\/a><\/p>\t\t\t\t\t\t\t\t<\/div>\n\t\t\t\t<\/div>\n\t\t\t\t\t<\/div>\n\t\t\t\t<\/div>\n\t\t<div class=\"elementor-element elementor-element-98015be pb--40 e-flex e-con-boxed e-con e-parent\" data-id=\"98015be\" data-element_type=\"container\" data-e-type=\"container\">\n\t\t\t\t\t<div class=\"e-con-inner\">\n\t\t\t\t<div class=\"elementor-element elementor-element-ee3302b h-impress elementor-widget elementor-widget-imroz-section-title\" data-id=\"ee3302b\" data-element_type=\"widget\" data-e-type=\"widget\" data-widget_type=\"imroz-section-title.default\">\n\t\t\t\t<div class=\"elementor-widget-container\">\n\t\t\t\t\t        <div class=\"section-title mb--20 mb_sm--0 text-left\">\n                                    <h2 class=\"title rbt-section-title\"><span>Contact<\/span><\/h2>                            <\/div>\n        \t\t\t\t<\/div>\n\t\t\t\t<\/div>\n\t\t\t\t<div class=\"elementor-element elementor-element-82db2cb pb--40 elementor-widget elementor-widget-text-editor\" data-id=\"82db2cb\" data-element_type=\"widget\" data-e-type=\"widget\" data-widget_type=\"text-editor.default\">\n\t\t\t\t<div class=\"elementor-widget-container\">\n\t\t\t\t\t\t\t\t\t<p>E-Mail: <a href=\"mailto:info@avicennatechnologies.com\">info@avicennatechnologies.com<\/a><\/p>\t\t\t\t\t\t\t\t<\/div>\n\t\t\t\t<\/div>\n\t\t\t\t\t<\/div>\n\t\t\t\t<\/div>\n\t\t<div class=\"elementor-element elementor-element-b67498a pb--40 e-flex e-con-boxed e-con e-parent\" data-id=\"b67498a\" data-element_type=\"container\" data-e-type=\"container\">\n\t\t\t\t\t<div class=\"e-con-inner\">\n\t\t\t\t<div class=\"elementor-element elementor-element-65cbe71 h-impress elementor-widget elementor-widget-imroz-section-title\" data-id=\"65cbe71\" data-element_type=\"widget\" data-e-type=\"widget\" data-widget_type=\"imroz-section-title.default\">\n\t\t\t\t<div class=\"elementor-widget-container\">\n\t\t\t\t\t        <div class=\"section-title mb--20 mb_sm--0 text-left\">\n                                    <h2 class=\"title rbt-section-title\"><span>\u00a7 27a Value Added Tax Act<\/span><\/h2>                            <\/div>\n        \t\t\t\t<\/div>\n\t\t\t\t<\/div>\n\t\t\t\t<div class=\"elementor-element elementor-element-e29694a pb--40 elementor-widget elementor-widget-text-editor\" data-id=\"e29694a\" data-element_type=\"widget\" data-e-type=\"widget\" data-widget_type=\"text-editor.default\">\n\t\t\t\t<div class=\"elementor-widget-container\">\n\t\t\t\t\t\t\t\t\t<p>Umsatzsteuer-Identifikationsnummer: DE367439807<br \/>Handelsregister-Nummer: HRB 262276 B<\/p>\t\t\t\t\t\t\t\t<\/div>\n\t\t\t\t<\/div>\n\t\t\t\t\t<\/div>\n\t\t\t\t<\/div>\n\t\t<div class=\"elementor-element elementor-element-dd31051 pb--40 e-flex e-con-boxed e-con e-parent\" data-id=\"dd31051\" data-element_type=\"container\" data-e-type=\"container\">\n\t\t\t\t\t<div class=\"e-con-inner\">\n\t\t\t\t<div class=\"elementor-element elementor-element-9a7370f h-impress elementor-widget elementor-widget-imroz-section-title\" data-id=\"9a7370f\" data-element_type=\"widget\" data-e-type=\"widget\" data-widget_type=\"imroz-section-title.default\">\n\t\t\t\t<div class=\"elementor-widget-container\">\n\t\t\t\t\t        <div class=\"section-title mb--20 mb_sm--0 text-left\">\n                                    <h2 class=\"title rbt-section-title\"><span>Professional regulations<\/span><\/h2>                            <\/div>\n        \t\t\t\t<\/div>\n\t\t\t\t<\/div>\n\t\t\t\t<div class=\"elementor-element elementor-element-4eed579 pb--40 elementor-widget elementor-widget-text-editor\" data-id=\"4eed579\" data-element_type=\"widget\" data-e-type=\"widget\" data-widget_type=\"text-editor.default\">\n\t\t\t\t<div class=\"elementor-widget-container\">\n\t\t\t\t\t\t\t\t\tVetrieb medizinischer Produkte\t\t\t\t\t\t\t\t<\/div>\n\t\t\t\t<\/div>\n\t\t\t\t\t<\/div>\n\t\t\t\t<\/div>\n\t\t<div class=\"elementor-element elementor-element-e8ce7d5 pb--40 e-flex e-con-boxed e-con e-parent\" data-id=\"e8ce7d5\" data-element_type=\"container\" data-e-type=\"container\">\n\t\t\t\t\t<div class=\"e-con-inner\">\n\t\t\t\t<div class=\"elementor-element elementor-element-58529df h-impress elementor-widget elementor-widget-imroz-section-title\" data-id=\"58529df\" data-element_type=\"widget\" data-e-type=\"widget\" data-widget_type=\"imroz-section-title.default\">\n\t\t\t\t<div class=\"elementor-widget-container\">\n\t\t\t\t\t        <div class=\"section-title mb--20 mb_sm--0 text-left\">\n                                    <h3 class=\"title rbt-section-title\"><span>EU Dispute Resolution<\/span><\/h3>                            <\/div>\n        \t\t\t\t<\/div>\n\t\t\t\t<\/div>\n\t\t\t\t<div class=\"elementor-element elementor-element-d2fb05d pb--40 elementor-widget elementor-widget-text-editor\" data-id=\"d2fb05d\" data-element_type=\"widget\" data-e-type=\"widget\" data-widget_type=\"text-editor.default\">\n\t\t\t\t<div class=\"elementor-widget-container\">\n\t\t\t\t\t\t\t\t\t<p>The European Commission provides a platform for online dispute resolution (ODR): https:\/\/ec.europa.eu\/consumers\/odr\/<\/p><p>You can find our email address above in the imprint.<\/p>\t\t\t\t\t\t\t\t<\/div>\n\t\t\t\t<\/div>\n\t\t\t\t\t<\/div>\n\t\t\t\t<\/div>\n\t\t<div class=\"elementor-element elementor-element-2ad2214 pb--40 e-flex e-con-boxed e-con e-parent\" data-id=\"2ad2214\" data-element_type=\"container\" data-e-type=\"container\">\n\t\t\t\t\t<div class=\"e-con-inner\">\n\t\t\t\t<div class=\"elementor-element elementor-element-0a63219 h-impress elementor-widget elementor-widget-imroz-section-title\" data-id=\"0a63219\" data-element_type=\"widget\" data-e-type=\"widget\" data-widget_type=\"imroz-section-title.default\">\n\t\t\t\t<div class=\"elementor-widget-container\">\n\t\t\t\t\t        <div class=\"section-title mb--20 mb_sm--0 text-left\">\n                                    <h3 class=\"title rbt-section-title\"><span>Liability for content<\/span><\/h3>                            <\/div>\n        \t\t\t\t<\/div>\n\t\t\t\t<\/div>\n\t\t\t\t<div class=\"elementor-element elementor-element-51f4600 pb--40 elementor-widget elementor-widget-text-editor\" data-id=\"51f4600\" data-element_type=\"widget\" data-e-type=\"widget\" data-widget_type=\"text-editor.default\">\n\t\t\t\t<div class=\"elementor-widget-container\">\n\t\t\t\t\t\t\t\t\t<p>As a service provider, we are responsible for our own content on these pages according to \u00a7 7(1) TMG under general laws. However, according to \u00a7\u00a7 8 to 10 TMG, we are not obligated to monitor transmitted or stored third-party information or investigate circumstances that indicate illegal activity. Obligations to remove or block the use of information under general laws remain unaffected. Liability in this regard is only possible from the point in time when we become aware of a specific legal violation. Upon becoming aware of such violations, we will promptly remove the content.<\/p>\t\t\t\t\t\t\t\t<\/div>\n\t\t\t\t<\/div>\n\t\t\t\t\t<\/div>\n\t\t\t\t<\/div>\n\t\t<div class=\"elementor-element elementor-element-dd8207e pb--40 e-flex e-con-boxed e-con e-parent\" data-id=\"dd8207e\" data-element_type=\"container\" data-e-type=\"container\">\n\t\t\t\t\t<div class=\"e-con-inner\">\n\t\t\t\t<div class=\"elementor-element elementor-element-4ac795f h-impress elementor-widget elementor-widget-imroz-section-title\" data-id=\"4ac795f\" data-element_type=\"widget\" data-e-type=\"widget\" data-widget_type=\"imroz-section-title.default\">\n\t\t\t\t<div class=\"elementor-widget-container\">\n\t\t\t\t\t        <div class=\"section-title mb--20 mb_sm--0 text-left\">\n                                    <h3 class=\"title rbt-section-title\"><span>Liability for links<\/span><\/h3>                            <\/div>\n        \t\t\t\t<\/div>\n\t\t\t\t<\/div>\n\t\t\t\t<div class=\"elementor-element elementor-element-6158929 pb--40 elementor-widget elementor-widget-text-editor\" data-id=\"6158929\" data-element_type=\"widget\" data-e-type=\"widget\" data-widget_type=\"text-editor.default\">\n\t\t\t\t<div class=\"elementor-widget-container\">\n\t\t\t\t\t\t\t\t\t<p>Our offer contains links to external websites of third parties, over whose content we have no control. Therefore, we cannot assume liability for these foreign contents. The respective provider or operator of the linked pages is always responsible for the content of the linked pages. The linked pages were checked for possible legal violations at the time of linking. Illegal content was not recognizable at the time of linking. However, a permanent content review of the linked pages is not reasonable without concrete evidence of a legal violation. Upon becoming aware of legal violations, we will immediately remove such links.<\/p>\t\t\t\t\t\t\t\t<\/div>\n\t\t\t\t<\/div>\n\t\t\t\t\t<\/div>\n\t\t\t\t<\/div>\n\t\t<div class=\"elementor-element elementor-element-763927b pb--40 e-flex e-con-boxed e-con e-parent\" data-id=\"763927b\" data-element_type=\"container\" data-e-type=\"container\">\n\t\t\t\t\t<div class=\"e-con-inner\">\n\t\t\t\t<div class=\"elementor-element elementor-element-4b24c10 h-impress elementor-widget elementor-widget-imroz-section-title\" data-id=\"4b24c10\" data-element_type=\"widget\" data-e-type=\"widget\" data-widget_type=\"imroz-section-title.default\">\n\t\t\t\t<div class=\"elementor-widget-container\">\n\t\t\t\t\t        <div class=\"section-title mb--20 mb_sm--0 text-left\">\n                                    <h3 class=\"title rbt-section-title\"><span>Copyright<\/span><\/h3>                            <\/div>\n        \t\t\t\t<\/div>\n\t\t\t\t<\/div>\n\t\t\t\t<div class=\"elementor-element elementor-element-311add9 pb--40 elementor-widget elementor-widget-text-editor\" data-id=\"311add9\" data-element_type=\"widget\" data-e-type=\"widget\" data-widget_type=\"text-editor.default\">\n\t\t\t\t<div class=\"elementor-widget-container\">\n\t\t\t\t\t\t\t\t\t<p>The content and works created by the site operators on these pages are subject to German copyright law. Reproduction, modification, distribution, and any form of utilization beyond the limits of copyright law require the written consent of the respective author or creator. Downloads and copies of this site are permitted only for private, non-commercial use. As far as the content on this site is not created by the operator, the copyrights of third parties are respected. In particular, third-party content is marked as such. If you become aware of any copyright infringement, we kindly ask you to inform us. Upon becoming aware of legal violations, we will immediately remove such content.<\/p>\t\t\t\t\t\t\t\t<\/div>\n\t\t\t\t<\/div>\n\t\t\t\t\t<\/div>\n\t\t\t\t<\/div>\n\t\t\t\t<\/div>","protected":false},"excerpt":{"rendered":"<p>Impressum Angaben gema\u0308\u00df \u00a7 5 TMG Avicenna Technologies GmbHKnaackstra\u00dfe 510405 Berlin Sitz: Berlin, Deutschland Vertreten durch: Tayfun \u015eeninfo@avicennatechnologies.com Kontakt E-Mail: info@avicennatechnologies.com \u00a7 27 a Umsatzsteuergesetz Umsatzsteuer-Identifikationsnummer: DE367439807Handelsregister-Nummer: HRB 262276 B Berufsrechtliche Regelungen Vetrieb medizinischer Produkte EU-Streitschlichtung Die Europa\u0308ische Kommission stellt eine Plattform zur Online-Streitbeilegung (OS) bereit: https:\/\/ec.europa.eu\/consumers\/odr\/ Unsere E-Mail-Adresse finden Sie oben im Impressum. Haftung f\u00fcr Inhalte Als Diensteanbieter sind wir gem\u00e4\u00df \u00a7 7 Abs.1 TMG f\u00fcr eigene Inhalte auf diesen Seiten nach den allgemeinen Gesetzen verantwortlich. Nach \u00a7\u00a7 8 [&hellip;]<\/p>\n","protected":false},"author":1,"featured_media":0,"parent":0,"menu_order":0,"comment_status":"closed","ping_status":"closed","template":"elementor_header_footer","meta":{"_acf_changed":false,"footnotes":""},"class_list":["post-7","page","type-page","status-publish","hentry"],"acf":[],"_links":{"self":[{"href":"https:\/\/avicennatechnologies.com\/en\/wp-json\/wp\/v2\/pages\/7","targetHints":{"allow":["GET"]}}],"collection":[{"href":"https:\/\/avicennatechnologies.com\/en\/wp-json\/wp\/v2\/pages"}],"about":[{"href":"https:\/\/avicennatechnologies.com\/en\/wp-json\/wp\/v2\/types\/page"}],"author":[{"embeddable":true,"href":"https:\/\/avicennatechnologies.com\/en\/wp-json\/wp\/v2\/users\/1"}],"replies":[{"embeddable":true,"href":"https:\/\/avicennatechnologies.com\/en\/wp-json\/wp\/v2\/comments?post=7"}],"version-history":[{"count":38,"href":"https:\/\/avicennatechnologies.com\/en\/wp-json\/wp\/v2\/pages\/7\/revisions"}],"predecessor-version":[{"id":909,"href":"https:\/\/avicennatechnologies.com\/en\/wp-json\/wp\/v2\/pages\/7\/revisions\/909"}],"wp:attachment":[{"href":"https:\/\/avicennatechnologies.com\/en\/wp-json\/wp\/v2\/media?parent=7"}],"curies":[{"name":"wp","href":"https:\/\/api.w.org\/{rel}","templated":true}]}}